{"id":12,"date":"2020-11-27T10:56:34","date_gmt":"2020-11-27T09:56:34","guid":{"rendered":"http:\/\/www.nettask.sk\/?page_id=12"},"modified":"2022-06-29T15:06:45","modified_gmt":"2022-06-29T13:06:45","slug":"kontakt","status":"publish","type":"page","link":"https:\/\/dellie.sk\/wordpress\/?page_id=12","title":{"rendered":"Kontakt"},"content":{"rendered":"\n<p><strong>Dellie, s. r. o.<\/strong><\/p>\n\n\n\n<p>Rusovsk\u00e1 cesta 11<br>Bratislava 851 01<br>I\u010cO: 35916648<\/p>\n\n\n\n<p>e-mail: dellie@dellie.sk<br>tel.\u010d: 0907-371-331 (Adela Stachurov\u00e1)<\/p>\n","protected":false},"excerpt":{"rendered":"<p>Dellie, s. r. o. Rusovsk\u00e1 cesta 11Bratislava 851 01I\u010cO: 35916648 e-mail: dellie@dellie.sktel.\u010d: 0907-371-331 (Adela Stachurov\u00e1)<\/p>\n","protected":false},"author":1,"featured_media":0,"parent":0,"menu_order":0,"comment_status":"closed","ping_status":"closed","template":"","meta":{"footnotes":""},"class_list":["post-12","page","type-page","status-publish","hentry"],"_links":{"self":[{"href":"https:\/\/dellie.sk\/wordpress\/index.php?rest_route=\/wp\/v2\/pages\/12","targetHints":{"allow":["GET"]}}],"collection":[{"href":"https:\/\/dellie.sk\/wordpress\/index.php?rest_route=\/wp\/v2\/pages"}],"about":[{"href":"https:\/\/dellie.sk\/wordpress\/index.php?rest_route=\/wp\/v2\/types\/page"}],"author":[{"embeddable":true,"href":"https:\/\/dellie.sk\/wordpress\/index.php?rest_route=\/wp\/v2\/users\/1"}],"replies":[{"embeddable":true,"href":"https:\/\/dellie.sk\/wordpress\/index.php?rest_route=%2Fwp%2Fv2%2Fcomments&post=12"}],"version-history":[{"count":1,"href":"https:\/\/dellie.sk\/wordpress\/index.php?rest_route=\/wp\/v2\/pages\/12\/revisions"}],"predecessor-version":[{"id":39,"href":"https:\/\/dellie.sk\/wordpress\/index.php?rest_route=\/wp\/v2\/pages\/12\/revisions\/39"}],"wp:attachment":[{"href":"https:\/\/dellie.sk\/wordpress\/index.php?rest_route=%2Fwp%2Fv2%2Fmedia&parent=12"}],"curies":[{"name":"wp","href":"https:\/\/api.w.org\/{rel}","templated":true}]}}